{"id":538,"date":"2018-05-23T07:51:53","date_gmt":"2018-05-23T07:51:53","guid":{"rendered":"http:\/\/friends-of-berlin.de\/?page_id=538"},"modified":"2018-05-23T07:52:19","modified_gmt":"2018-05-23T07:52:19","slug":"impressum","status":"publish","type":"page","link":"https:\/\/friends-of-berlin.de\/en\/impressum","title":{"rendered":"Legal Notice"},"content":{"rendered":"<h3>Haftung f\u00fcr Inhalte<\/h3>\n<p>Als Diensteanbieter sind wir gem\u00e4\u00df \u00a7 7 Abs.1 TMG f\u00fcr eigene Inhalte auf unserer Internetseite nach den allgemeinen Gesetzen verantwortlich. Gem\u00e4\u00df \u00a7\u00a7 8 bis 10 TMG sind wir als Diensteanbieter nicht verpflichtet, \u00fcbermittelte oder gespeicherte fremde Informationen zu \u00fcberwachen. Verpflichtungen zur Entfernung oder Sperrung der Nutzung von Informationen nach den allgemeinen Gesetzen bleiben hiervon unber\u00fchrt. Eine Entfernung oder Sperrung dieser Inhalte erfolgt umgehend ab dem Zeitpunkt der Kenntnis einer konkreten Rechtsverletzung. Eine Haftung ist jedoch erst ab dem Zeitpunkt der Kenntnis einer konkreten Rechtsverletzung m\u00f6glich.<\/p>\n<h3>Haftung f\u00fcr Links<\/h3>\n<p>Unsere Internetseite enth\u00e4lt Links zu externen Internetseiten Dritter, auf deren Inhalte wir keinen Einfluss haben. Aus diesem Grund k\u00f6nnen wir f\u00fcr diese fremden Inhalte keine Gew\u00e4hr \u00fcbernehmen. F\u00fcr die Inhalte und Richtigkeit der verlinkten Seiten ist stets der jeweilige Anbieter oder Betreiber dieser Internetseite verantwortlich. Im Zeitpunkt der Verlinkung wurden diese Internetseiten auf m\u00f6gliche Rechtsverst\u00f6\u00dfe \u00fcberpr\u00fcft. Rechtswidrige Inhalte waren zum Zeitpunkt der Verlinkung nicht erkennbar. Wir weisen darauf hin, dass eine permanente inhaltliche Kontrolle der verlinkten Seiten ohne konkrete Anhaltspunkte einer Rechtsverletzung nicht zumutbar sind. Bei Bekanntwerden von Rechtsverletzungen werden wir derartige Links umgehend entfernen.<\/p>\n<h3>COPYRIGHT<\/h3>\n<p>Das Copyright f\u00fcr ver\u00f6ffentlichte, vom Seiteninhaber selbst erstellte oder in Lizenz erworbene Objekte bleibt allein beim Seiteninhaber der Seiten. Eine Vervielf\u00e4ltigung oder Verwendung solcher Fotos, Grafiken, Tondokumente, Videosequenzen und Texte in anderen elektronischen oder gedruckten Publikationen ist ohne schriftliche Zustimmung des Seiteninhabers nicht gestattet. Die Seiten d\u00fcrfen nur zum privaten Gebrauch vervielf\u00e4ltigt, \u00c4nderungen nicht vorgenommen und Vervielf\u00e4ltigungsst\u00fccke weder verbreitet noch zu \u00f6ffentlichen Wiedergaben benutzt werden.<\/p>\n<p><strong>Fotos:<\/strong>\u00a0Die Lichtobjekte des FESTIVAL OF LIGHTS<sup>\u00ae<\/sup>\u00a0sind urheberrechtlich gesch\u00fctzt. Das Erstellen von Fotos, Filmaufnahmen und sonstigen Reproduktionen zu ausschlie\u00dflich privaten Zwecken sowie im Rahmen der \u00f6ffentlichen Berichterstattung ist gestattet. F\u00fcr jede Form der gewerblichen Wiedergabe ist der Erwerb einer entsprechenden Lizenz erforderlich. Nicht authorisierte Ver\u00f6ffentlichungen sind untersagt.<\/p>\n<p><strong>FESTIVAL OF LIGHTS<sup>\u00ae<\/sup><\/strong>\u00a0ist eine eingetragene Marke.<\/p>","protected":false},"excerpt":{"rendered":"<p>Haftung f\u00fcr Inhalte Als Diensteanbieter sind wir gem\u00e4\u00df \u00a7 7 Abs.1 TMG f\u00fcr eigene Inhalte auf unserer Internetseite nach den allgemeinen Gesetzen verantwortlich. Gem\u00e4\u00df \u00a7\u00a7 8 bis 10 TMG sind wir als Diensteanbieter nicht verpflichtet, \u00fcbermittelte oder gespeicherte fremde Informationen zu \u00fcberwachen. Verpflichtungen zur Entfernung oder Sperrung der Nutzung von Informationen nach den allgemeinen Gesetzen &hellip; <\/p>\n<p class=\"link-more\"><a href=\"https:\/\/friends-of-berlin.de\/en\/impressum\" class=\"more-link\">Continue reading<span class=\"screen-reader-text\"> &#8222;Impressum&#8220;<\/span><\/a><\/p>","protected":false},"author":1,"featured_media":0,"parent":0,"menu_order":0,"comment_status":"closed","ping_status":"closed","template":"","meta":{"_mi_skip_tracking":false,"_monsterinsights_sitenote_active":false,"_monsterinsights_sitenote_note":"","_monsterinsights_sitenote_category":0},"_links":{"self":[{"href":"https:\/\/friends-of-berlin.de\/en\/wp-json\/wp\/v2\/pages\/538"}],"collection":[{"href":"https:\/\/friends-of-berlin.de\/en\/wp-json\/wp\/v2\/pages"}],"about":[{"href":"https:\/\/friends-of-berlin.de\/en\/wp-json\/wp\/v2\/types\/page"}],"author":[{"embeddable":true,"href":"https:\/\/friends-of-berlin.de\/en\/wp-json\/wp\/v2\/users\/1"}],"replies":[{"embeddable":true,"href":"https:\/\/friends-of-berlin.de\/en\/wp-json\/wp\/v2\/comments?post=538"}],"version-history":[{"count":1,"href":"https:\/\/friends-of-berlin.de\/en\/wp-json\/wp\/v2\/pages\/538\/revisions"}],"predecessor-version":[{"id":540,"href":"https:\/\/friends-of-berlin.de\/en\/wp-json\/wp\/v2\/pages\/538\/revisions\/540"}],"wp:attachment":[{"href":"https:\/\/friends-of-berlin.de\/en\/wp-json\/wp\/v2\/media?parent=538"}],"curies":[{"name":"wp","href":"https:\/\/api.w.org\/{rel}","templated":true}]}}