{"id":177,"date":"2017-11-24T15:48:14","date_gmt":"2017-11-24T15:48:14","guid":{"rendered":"http:\/\/friends-of-berlin.de\/?page_id=177"},"modified":"2024-04-18T15:02:21","modified_gmt":"2024-04-18T15:02:21","slug":"home","status":"publish","type":"page","link":"https:\/\/friends-of-berlin.de\/en\/","title":{"rendered":"Friends of Berlin"},"content":{"rendered":"<p>You love Berlin. We do too!<\/p>\n<p>Berlin is booming. Berlin is hip, multifaceted, trendy, zeitgeisty.<\/p>\n<p>Um das Feuer der Metropole auch weiterhin mit Energie zu versorgen und Menschen aus aller Welt f\u00fcr die Hauptstadt zu begeistern, braucht es frische Ideen und Projekte, die \u00fcberraschen und Menschen anziehen.<\/p>\n<p>And it needs entrepreneurs and companies who support new ideas as change makers, designers, friends and fans.<\/p>\n<p>Wanted are Berlin-friends with a vision, who want to create change. Are you one of them? Then you should join us.<\/p>\n<p><b>Friends<\/b> <b>of<\/b><b> Berlin International \u2013 ein besonderes Netzwerk <\/b><b>for <\/b><b>Berlin. <\/b><\/p>","protected":false},"excerpt":{"rendered":"<p>Sie brennen f\u00fcr Berlin. Wir auch! Berlin boomt. Berlin ist hipp, facettenreich, trendy, zeitgeistig. Um das Feuer der Metropole auch weiterhin mit Energie zu versorgen und Menschen aus aller Welt f\u00fcr die Hauptstadt zu begeistern, braucht es frische Ideen und Projekte, die \u00fcberraschen und Menschen anziehen. Und es braucht Unternehmer und Unternehmen, die als Ver\u00e4nderer, &hellip; <\/p>\n<p class=\"link-more\"><a href=\"https:\/\/friends-of-berlin.de\/en\/\" class=\"more-link\">Continue reading<span class=\"screen-reader-text\"> &#8222;Friends of Berlin&#8220;<\/span><\/a><\/p>","protected":false},"author":1,"featured_media":527,"parent":0,"menu_order":0,"comment_status":"closed","ping_status":"closed","template":"","meta":{"_mi_skip_tracking":false,"_monsterinsights_sitenote_active":false,"_monsterinsights_sitenote_note":"","_monsterinsights_sitenote_category":0},"_links":{"self":[{"href":"https:\/\/friends-of-berlin.de\/en\/wp-json\/wp\/v2\/pages\/177"}],"collection":[{"href":"https:\/\/friends-of-berlin.de\/en\/wp-json\/wp\/v2\/pages"}],"about":[{"href":"https:\/\/friends-of-berlin.de\/en\/wp-json\/wp\/v2\/types\/page"}],"author":[{"embeddable":true,"href":"https:\/\/friends-of-berlin.de\/en\/wp-json\/wp\/v2\/users\/1"}],"replies":[{"embeddable":true,"href":"https:\/\/friends-of-berlin.de\/en\/wp-json\/wp\/v2\/comments?post=177"}],"version-history":[{"count":7,"href":"https:\/\/friends-of-berlin.de\/en\/wp-json\/wp\/v2\/pages\/177\/revisions"}],"predecessor-version":[{"id":846,"href":"https:\/\/friends-of-berlin.de\/en\/wp-json\/wp\/v2\/pages\/177\/revisions\/846"}],"wp:featuredmedia":[{"embeddable":true,"href":"https:\/\/friends-of-berlin.de\/en\/wp-json\/wp\/v2\/media\/527"}],"wp:attachment":[{"href":"https:\/\/friends-of-berlin.de\/en\/wp-json\/wp\/v2\/media?parent=177"}],"curies":[{"name":"wp","href":"https:\/\/api.w.org\/{rel}","templated":true}]}}